{"id":1101,"date":"2018-09-06T16:23:46","date_gmt":"2018-09-06T14:23:46","guid":{"rendered":"http:\/\/craaltorricon.catedu.es\/?page_id=1101"},"modified":"2019-05-27T14:23:41","modified_gmt":"2019-05-27T12:23:41","slug":"ampa-altorricon","status":"publish","type":"page","link":"https:\/\/craaltorricon.catedu.es\/?page_id=1101","title":{"rendered":"AMPA Altorric\u00f3n"},"content":{"rendered":"<a href=\"https:\/\/craaltorricon.catedu.es\/wp-content\/uploads\/sites\/188\/2019\/05\/PROPAGANDA-AMPA.pdf\" class=\"pdfemb-viewer\" style=\"\" data-width=\"max\" data-height=\"max\" data-toolbar=\"bottom\" data-toolbar-fixed=\"off\">PROPAGANDA-AMPA<\/a>\n<p class=\"wp-block-pdfemb-pdf-embedder-viewer\"><\/p>\n","protected":false},"excerpt":{"rendered":"","protected":false},"author":786,"featured_media":0,"parent":23,"menu_order":0,"comment_status":"closed","ping_status":"closed","template":"","meta":{"_monsterinsights_skip_tracking":false,"_monsterinsights_sitenote_active":false,"_monsterinsights_sitenote_note":"","_monsterinsights_sitenote_category":0,"jetpack_post_was_ever_published":false,"footnotes":""},"class_list":["post-1101","page","type-page","status-publish","h-entry","hentry","h-as-page"],"jetpack_sharing_enabled":true,"jetpack_shortlink":"https:\/\/wp.me\/P8T00Q-hL","jetpack-related-posts":[{"id":1105,"url":"https:\/\/craaltorricon.catedu.es\/?page_id=1105","url_meta":{"origin":1101,"position":0},"title":"AMPA Vencill\u00f3n","author":"admin","date":"6 septiembre, 2018","format":false,"excerpt":"","rel":"","context":"Entrada similar","block_context":{"text":"Entrada similar","link":""},"img":{"alt_text":"","src":"","width":0,"height":0},"classes":[]},{"id":23,"url":"https:\/\/craaltorricon.catedu.es\/?page_id=23","url_meta":{"origin":1101,"position":1},"title":"Altorric\u00f3n","author":"admin","date":"17 octubre, 2014","format":false,"excerpt":"","rel":"","context":"Con 1 comentario","block_context":{"text":"Con 1 comentario","link":"https:\/\/craaltorricon.catedu.es\/?page_id=23#comments"},"img":{"alt_text":"","src":"","width":0,"height":0},"classes":[]},{"id":185,"url":"https:\/\/craaltorricon.catedu.es\/?page_id=185","url_meta":{"origin":1101,"position":2},"title":"Contacto","author":"admin","date":"14 octubre, 2017","format":false,"excerpt":"Tel\u00e9fonos de contacto : SEDE - CRA Altorric\u00f3n - Altorric\u00f3n - 974425202 CRA Altorric\u00f3n - Algay\u00f3n -\u00a0974424036 CRA Altorric\u00f3n - Vencill\u00f3n -\u00a0974434344 Email de contacto : craaltorricon@educa.aragon.es Formulario de contacto de la web :\u00a0","rel":"","context":"Entrada similar","block_context":{"text":"Entrada similar","link":""},"img":{"alt_text":"","src":"","width":0,"height":0},"classes":[]},{"id":111,"url":"https:\/\/craaltorricon.catedu.es\/?page_id=111","url_meta":{"origin":1101,"position":3},"title":"\u00a1\u00a1BIENVENIDOS!!","author":"admin","date":"2 julio, 2017","format":false,"excerpt":"Nos presentamos... Somos el Colegio Rural Agrupado ( CRA ) de Altorric\u00f3n. Est\u00e1 formado por las localidades de Altorric\u00f3n, que es la sede, Algay\u00f3n y Vencill\u00f3n. En esta p\u00e1gina podr\u00e9is encontrar informaciones varias de nuestro CRA as\u00ed como algunas de las actividades que se realizan en las diferentes localidades. Si\u2026","rel":"","context":"Entrada similar","block_context":{"text":"Entrada similar","link":""},"img":{"alt_text":"","src":"","width":0,"height":0},"classes":[]},{"id":3781,"url":"https:\/\/craaltorricon.catedu.es\/?page_id=3781","url_meta":{"origin":1101,"position":4},"title":"CORREOS PROFESORADO","author":"CRA Altorric\u00f3n","date":"30 septiembre, 2025","format":false,"excerpt":"","rel":"","context":"Entrada similar","block_context":{"text":"Entrada similar","link":""},"img":{"alt_text":"","src":"","width":0,"height":0},"classes":[]},{"id":3717,"url":"https:\/\/craaltorricon.catedu.es\/?page_id=3717","url_meta":{"origin":1101,"position":5},"title":"Documentos","author":"CRA Altorric\u00f3n","date":"16 abril, 2025","format":false,"excerpt":"Aqu\u00ed pod\u00e9is encontrar varios documentos, a medida que los tengamos hechos y aprobados, los iremos subiendo. Proyecto Curricular de Etapa ( PCE ) Infantil Proyecto Curricular de Etapa ( PCE ) Primaria Programaci\u00f3n General Anual ( PGA ) 25-26","rel":"","context":"Entrada similar","block_context":{"text":"Entrada similar","link":""},"img":{"alt_text":"","src":"","width":0,"height":0},"classes":[]}],"jetpack_likes_enabled":true,"_links":{"self":[{"href":"https:\/\/craaltorricon.catedu.es\/index.php?rest_route=\/wp\/v2\/pages\/1101","targetHints":{"allow":["GET"]}}],"collection":[{"href":"https:\/\/craaltorricon.catedu.es\/index.php?rest_route=\/wp\/v2\/pages"}],"about":[{"href":"https:\/\/craaltorricon.catedu.es\/index.php?rest_route=\/wp\/v2\/types\/page"}],"author":[{"embeddable":true,"href":"https:\/\/craaltorricon.catedu.es\/index.php?rest_route=\/wp\/v2\/users\/786"}],"replies":[{"embeddable":true,"href":"https:\/\/craaltorricon.catedu.es\/index.php?rest_route=%2Fwp%2Fv2%2Fcomments&post=1101"}],"version-history":[{"count":2,"href":"https:\/\/craaltorricon.catedu.es\/index.php?rest_route=\/wp\/v2\/pages\/1101\/revisions"}],"predecessor-version":[{"id":1467,"href":"https:\/\/craaltorricon.catedu.es\/index.php?rest_route=\/wp\/v2\/pages\/1101\/revisions\/1467"}],"up":[{"embeddable":true,"href":"https:\/\/craaltorricon.catedu.es\/index.php?rest_route=\/wp\/v2\/pages\/23"}],"wp:attachment":[{"href":"https:\/\/craaltorricon.catedu.es\/index.php?rest_route=%2Fwp%2Fv2%2Fmedia&parent=1101"}],"curies":[{"name":"wp","href":"https:\/\/api.w.org\/{rel}","templated":true}]}}