{"id":111,"date":"2017-07-02T00:58:42","date_gmt":"2017-07-02T00:58:42","guid":{"rendered":"http:\/\/craaltorricon.catedu.es\/?page_id=111"},"modified":"2021-07-15T09:07:58","modified_gmt":"2021-07-15T07:07:58","slug":"novedades","status":"publish","type":"page","link":"https:\/\/craaltorricon.catedu.es\/?page_id=111","title":{"rendered":"\u00a1\u00a1BIENVENIDOS!!"},"content":{"rendered":"\n<p>Nos presentamos...<\/p>\n<p>Somos el Colegio Rural Agrupado ( CRA ) de Altorric\u00f3n. Est\u00e1 formado por las localidades de Altorric\u00f3n, que es la sede, Algay\u00f3n y Vencill\u00f3n.<\/p>\n<p>En esta p\u00e1gina podr\u00e9is encontrar informaciones varias de nuestro CRA as\u00ed como algunas de las actividades que se realizan en las diferentes localidades.<\/p>\n<p>Si os suscrib\u00eds recibir\u00e9is un mail cada vez que se publique una entrada nueva.<\/p>\n<p>Esperamos que os guste.<\/p>\n<p>Un saludo de todo el claustro.<\/p>\n","protected":false},"excerpt":{"rendered":"<p>Nos presentamos... Somos el Colegio Rural Agrupado ( CRA ) de Altorric\u00f3n. Est\u00e1 formado por las localidades de Altorric\u00f3n, que es la sede, Algay\u00f3n y Vencill\u00f3n. En esta p\u00e1gina podr\u00e9is encontrar informaciones varias de nuestro CRA as\u00ed como algunas de las actividades que se realizan en las diferentes localidades. Si os suscrib\u00eds recibir\u00e9is un mail <a href=\"https:\/\/craaltorricon.catedu.es\/?page_id=111\" class=\"more-link\">...contin\u00faa leyendo<span class=\"screen-reader-text\"> \"\u00a1\u00a1BIENVENIDOS!!\"<\/span><\/a><\/p>\n","protected":false},"author":786,"featured_media":0,"parent":0,"menu_order":0,"comment_status":"closed","ping_status":"closed","template":"page-templates\/front-page.php","meta":{"_monsterinsights_skip_tracking":false,"_monsterinsights_sitenote_active":false,"_monsterinsights_sitenote_note":"","_monsterinsights_sitenote_category":0,"jetpack_post_was_ever_published":false,"footnotes":""},"class_list":["post-111","page","type-page","status-publish","h-entry","hentry","h-as-page"],"jetpack_sharing_enabled":true,"jetpack_shortlink":"https:\/\/wp.me\/P8T00Q-1N","jetpack-related-posts":[{"id":3771,"url":"https:\/\/craaltorricon.catedu.es\/?page_id=3771","url_meta":{"origin":111,"position":0},"title":"SIGAD DID\u00c1CTICA","author":"CRA Altorric\u00f3n","date":"29 septiembre, 2025","format":false,"excerpt":"Para acceder a SIGAD Did\u00e1ctica clicar este enlace. Si no se recuerda el usuario o la contrase\u00f1a, seguir las instrucciones de este documento. En el siguiente v\u00eddeo pod\u00e9is ver c\u00f3mo funciona la plataforma SIGAD Did\u00e1ctica para las familias. https:\/\/www.youtube.com\/watch?v=C0zpYVBc9PQ","rel":"","context":"Entrada similar","block_context":{"text":"Entrada similar","link":""},"img":{"alt_text":"","src":"https:\/\/i0.wp.com\/img.youtube.com\/vi\/C0zpYVBc9PQ\/0.jpg?resize=350%2C200","width":350,"height":200},"classes":[]},{"id":1101,"url":"https:\/\/craaltorricon.catedu.es\/?page_id=1101","url_meta":{"origin":111,"position":1},"title":"AMPA Altorric\u00f3n","author":"admin","date":"6 septiembre, 2018","format":false,"excerpt":"","rel":"","context":"Entrada similar","block_context":{"text":"Entrada similar","link":""},"img":{"alt_text":"","src":"","width":0,"height":0},"classes":[]},{"id":23,"url":"https:\/\/craaltorricon.catedu.es\/?page_id=23","url_meta":{"origin":111,"position":2},"title":"Altorric\u00f3n","author":"admin","date":"17 octubre, 2014","format":false,"excerpt":"","rel":"","context":"Con 1 comentario","block_context":{"text":"Con 1 comentario","link":"https:\/\/craaltorricon.catedu.es\/?page_id=23#comments"},"img":{"alt_text":"","src":"","width":0,"height":0},"classes":[]},{"id":223,"url":"https:\/\/craaltorricon.catedu.es\/?page_id=223","url_meta":{"origin":111,"position":3},"title":"CRA","author":"admin","date":"20 octubre, 2017","format":false,"excerpt":"","rel":"","context":"Entrada similar","block_context":{"text":"Entrada similar","link":""},"img":{"alt_text":"","src":"","width":0,"height":0},"classes":[]},{"id":185,"url":"https:\/\/craaltorricon.catedu.es\/?page_id=185","url_meta":{"origin":111,"position":4},"title":"Contacto","author":"admin","date":"14 octubre, 2017","format":false,"excerpt":"Tel\u00e9fonos de contacto : SEDE - CRA Altorric\u00f3n - Altorric\u00f3n - 974425202 CRA Altorric\u00f3n - Algay\u00f3n -\u00a0974424036 CRA Altorric\u00f3n - Vencill\u00f3n -\u00a0974434344 Email de contacto : craaltorricon@educa.aragon.es Formulario de contacto de la web :\u00a0","rel":"","context":"Entrada similar","block_context":{"text":"Entrada similar","link":""},"img":{"alt_text":"","src":"","width":0,"height":0},"classes":[]},{"id":3879,"url":"https:\/\/craaltorricon.catedu.es\/?page_id=3879","url_meta":{"origin":111,"position":5},"title":"Pagos TPV","author":"CRA Altorric\u00f3n","date":"30 enero, 2026","format":false,"excerpt":"Gu\u00eda de c\u00f3mo realizar los pagos : Explicaci\u00f3n pagos TPVDescarga Seleccionar el pago que se quiere realizar en la siguiente lista : Pago reserva excursi\u00f3n al camping Stel en Roda de Bar\u00e1 3\u00ba y 4\u00ba primaria. Pago reserva excursi\u00f3n al camping Stel en Roda de Bar\u00e1 5\u00ba y 6\u00ba primaria.\u2026","rel":"","context":"Entrada similar","block_context":{"text":"Entrada similar","link":""},"img":{"alt_text":"","src":"","width":0,"height":0},"classes":[]}],"jetpack_likes_enabled":true,"_links":{"self":[{"href":"https:\/\/craaltorricon.catedu.es\/index.php?rest_route=\/wp\/v2\/pages\/111","targetHints":{"allow":["GET"]}}],"collection":[{"href":"https:\/\/craaltorricon.catedu.es\/index.php?rest_route=\/wp\/v2\/pages"}],"about":[{"href":"https:\/\/craaltorricon.catedu.es\/index.php?rest_route=\/wp\/v2\/types\/page"}],"author":[{"embeddable":true,"href":"https:\/\/craaltorricon.catedu.es\/index.php?rest_route=\/wp\/v2\/users\/786"}],"replies":[{"embeddable":true,"href":"https:\/\/craaltorricon.catedu.es\/index.php?rest_route=%2Fwp%2Fv2%2Fcomments&post=111"}],"version-history":[{"count":3,"href":"https:\/\/craaltorricon.catedu.es\/index.php?rest_route=\/wp\/v2\/pages\/111\/revisions"}],"predecessor-version":[{"id":2257,"href":"https:\/\/craaltorricon.catedu.es\/index.php?rest_route=\/wp\/v2\/pages\/111\/revisions\/2257"}],"wp:attachment":[{"href":"https:\/\/craaltorricon.catedu.es\/index.php?rest_route=%2Fwp%2Fv2%2Fmedia&parent=111"}],"curies":[{"name":"wp","href":"https:\/\/api.w.org\/{rel}","templated":true}]}}