{"id":1208,"date":"2018-11-05T13:55:22","date_gmt":"2018-11-05T12:55:22","guid":{"rendered":"http:\/\/craaltorricon.catedu.es\/?page_id=1208"},"modified":"2018-11-05T13:55:22","modified_gmt":"2018-11-05T12:55:22","slug":"blog-de-musica-del-cra","status":"publish","type":"page","link":"https:\/\/craaltorricon.catedu.es\/?page_id=1208","title":{"rendered":"Blog de M\u00fasica del CRA"},"content":{"rendered":"<p><a href=\"https:\/\/musicramaestra.wordpress.com\/\"><img loading=\"lazy\" decoding=\"async\" class=\"alignnone\" src=\"https:\/\/musicramaestra.files.wordpress.com\/2018\/09\/cropped-musssss1.jpg\" alt=\"musiCRAmaestra\" width=\"880\" height=\"767\" \/><\/a><\/p>\n","protected":false},"excerpt":{"rendered":"","protected":false},"author":786,"featured_media":0,"parent":0,"menu_order":0,"comment_status":"closed","ping_status":"closed","template":"","meta":{"_uag_custom_page_level_css":"","_monsterinsights_skip_tracking":false,"_monsterinsights_sitenote_active":false,"_monsterinsights_sitenote_note":"","_monsterinsights_sitenote_category":0,"jetpack_post_was_ever_published":false,"footnotes":""},"class_list":["post-1208","page","type-page","status-publish","h-entry","hentry","h-as-page"],"uagb_featured_image_src":{"full":false,"thumbnail":false,"medium":false,"medium_large":false,"large":false,"1536x1536":false,"2048x2048":false,"custom-header-image":false},"uagb_author_info":{"display_name":"admin","author_link":"https:\/\/craaltorricon.catedu.es\/?author=786"},"uagb_comment_info":0,"uagb_excerpt":null,"jetpack_sharing_enabled":true,"jetpack_shortlink":"https:\/\/wp.me\/P8T00Q-ju","jetpack-related-posts":[{"id":185,"url":"https:\/\/craaltorricon.catedu.es\/?page_id=185","url_meta":{"origin":1208,"position":0},"title":"Contacto","author":"admin","date":"14 octubre, 2017","format":false,"excerpt":"Tel\u00e9fonos de contacto : SEDE - CRA Altorric\u00f3n - Altorric\u00f3n - 974425202 CRA Altorric\u00f3n - Algay\u00f3n -\u00a0974424036 CRA Altorric\u00f3n - Vencill\u00f3n -\u00a0974434344 Email de contacto : craaltorricon@educa.aragon.es Formulario de contacto de la web :\u00a0","rel":"","context":"Entrada similar","block_context":{"text":"Entrada similar","link":""},"img":{"alt_text":"","src":"","width":0,"height":0},"classes":[]},{"id":223,"url":"https:\/\/craaltorricon.catedu.es\/?page_id=223","url_meta":{"origin":1208,"position":1},"title":"CRA","author":"admin","date":"20 octubre, 2017","format":false,"excerpt":"","rel":"","context":"Entrada similar","block_context":{"text":"Entrada similar","link":""},"img":{"alt_text":"","src":"","width":0,"height":0},"classes":[]},{"id":111,"url":"https:\/\/craaltorricon.catedu.es\/?page_id=111","url_meta":{"origin":1208,"position":2},"title":"\u00a1\u00a1BIENVENIDOS!!","author":"admin","date":"2 julio, 2017","format":false,"excerpt":"Nos presentamos... Somos el Colegio Rural Agrupado ( CRA ) de Altorric\u00f3n. Est\u00e1 formado por las localidades de Altorric\u00f3n, que es la sede, Algay\u00f3n y Vencill\u00f3n. En esta p\u00e1gina podr\u00e9is encontrar informaciones varias de nuestro CRA as\u00ed como algunas de las actividades que se realizan en las diferentes localidades. Si\u2026","rel":"","context":"Entrada similar","block_context":{"text":"Entrada similar","link":""},"img":{"alt_text":"","src":"","width":0,"height":0},"classes":[]},{"id":3717,"url":"https:\/\/craaltorricon.catedu.es\/?page_id=3717","url_meta":{"origin":1208,"position":3},"title":"Documentos","author":"CRA Altorric\u00f3n","date":"16 abril, 2025","format":false,"excerpt":"Aqu\u00ed pod\u00e9is encontrar varios documentos, a medida que los tengamos hechos y aprobados, los iremos subiendo. Proyecto Curricular de Etapa ( PCE ) Infantil Proyecto Curricular de Etapa ( PCE ) Primaria Programaci\u00f3n General Anual ( PGA ) 25-26","rel":"","context":"Entrada similar","block_context":{"text":"Entrada similar","link":""},"img":{"alt_text":"","src":"","width":0,"height":0},"classes":[]},{"id":3771,"url":"https:\/\/craaltorricon.catedu.es\/?page_id=3771","url_meta":{"origin":1208,"position":4},"title":"SIGAD DID\u00c1CTICA","author":"CRA Altorric\u00f3n","date":"29 septiembre, 2025","format":false,"excerpt":"Para acceder a SIGAD Did\u00e1ctica clicar este enlace. Si no se recuerda el usuario o la contrase\u00f1a, seguir las instrucciones de este documento. En el siguiente v\u00eddeo pod\u00e9is ver c\u00f3mo funciona la plataforma SIGAD Did\u00e1ctica para las familias. https:\/\/www.youtube.com\/watch?v=C0zpYVBc9PQ","rel":"","context":"Entrada similar","block_context":{"text":"Entrada similar","link":""},"img":{"alt_text":"","src":"https:\/\/i0.wp.com\/img.youtube.com\/vi\/C0zpYVBc9PQ\/0.jpg?resize=350%2C200","width":350,"height":200},"classes":[]},{"id":3781,"url":"https:\/\/craaltorricon.catedu.es\/?page_id=3781","url_meta":{"origin":1208,"position":5},"title":"CORREOS PROFESORADO","author":"CRA Altorric\u00f3n","date":"30 septiembre, 2025","format":false,"excerpt":"","rel":"","context":"Entrada similar","block_context":{"text":"Entrada similar","link":""},"img":{"alt_text":"","src":"","width":0,"height":0},"classes":[]}],"jetpack_likes_enabled":true,"_links":{"self":[{"href":"https:\/\/craaltorricon.catedu.es\/index.php?rest_route=\/wp\/v2\/pages\/1208","targetHints":{"allow":["GET"]}}],"collection":[{"href":"https:\/\/craaltorricon.catedu.es\/index.php?rest_route=\/wp\/v2\/pages"}],"about":[{"href":"https:\/\/craaltorricon.catedu.es\/index.php?rest_route=\/wp\/v2\/types\/page"}],"author":[{"embeddable":true,"href":"https:\/\/craaltorricon.catedu.es\/index.php?rest_route=\/wp\/v2\/users\/786"}],"replies":[{"embeddable":true,"href":"https:\/\/craaltorricon.catedu.es\/index.php?rest_route=%2Fwp%2Fv2%2Fcomments&post=1208"}],"version-history":[{"count":2,"href":"https:\/\/craaltorricon.catedu.es\/index.php?rest_route=\/wp\/v2\/pages\/1208\/revisions"}],"predecessor-version":[{"id":1210,"href":"https:\/\/craaltorricon.catedu.es\/index.php?rest_route=\/wp\/v2\/pages\/1208\/revisions\/1210"}],"wp:attachment":[{"href":"https:\/\/craaltorricon.catedu.es\/index.php?rest_route=%2Fwp%2Fv2%2Fmedia&parent=1208"}],"curies":[{"name":"wp","href":"https:\/\/api.w.org\/{rel}","templated":true}]}}