{"id":3717,"date":"2025-04-16T13:36:12","date_gmt":"2025-04-16T11:36:12","guid":{"rendered":"https:\/\/craaltorricon.catedu.es\/?page_id=3717"},"modified":"2025-11-06T12:54:27","modified_gmt":"2025-11-06T11:54:27","slug":"documentos-2","status":"publish","type":"page","link":"https:\/\/craaltorricon.catedu.es\/?page_id=3717","title":{"rendered":"Documentos"},"content":{"rendered":"\n<p>Aqu\u00ed pod\u00e9is encontrar varios documentos, a medida que los tengamos hechos y aprobados, los iremos subiendo.<\/p>\n\n\n\n<p><a href=\"https:\/\/drive.google.com\/file\/d\/1MGhfm8Bs4Hr54S1Q72XXOtDzMLq8x-Sn\/view?usp=drive_link\">Proyecto Curricular de Etapa ( PCE ) Infantil<\/a><\/p>\n\n\n\n<p><a href=\"https:\/\/drive.google.com\/file\/d\/1umhGNu69Ki-IA02QqDV0lCMk-VrRxOvb\/view?usp=drive_link\">Proyecto Curricular de Etapa ( PCE ) Primaria<\/a><\/p>\n\n\n\n<p><a href=\"https:\/\/drive.google.com\/file\/d\/1_jm2hYpdw9FKt44Pwedz14GT9HixJCOY\/view?usp=drive_link\">Programaci\u00f3n General Anual ( PGA ) 25-26<\/a><\/p>\n","protected":false},"excerpt":{"rendered":"<p>Aqu\u00ed pod\u00e9is encontrar varios documentos, a medida que los tengamos hechos y aprobados, los iremos subiendo. Proyecto Curricular de Etapa ( PCE ) Infantil Proyecto Curricular de Etapa ( PCE ) Primaria Programaci\u00f3n General Anual ( PGA ) 25-26<\/p>\n","protected":false},"author":790,"featured_media":0,"parent":0,"menu_order":0,"comment_status":"closed","ping_status":"closed","template":"","meta":{"_monsterinsights_skip_tracking":false,"_monsterinsights_sitenote_active":false,"_monsterinsights_sitenote_note":"","_monsterinsights_sitenote_category":0,"jetpack_post_was_ever_published":false,"footnotes":""},"class_list":["post-3717","page","type-page","status-publish","h-entry","hentry","h-as-page"],"jetpack_sharing_enabled":true,"jetpack_shortlink":"https:\/\/wp.me\/P8T00Q-XX","jetpack-related-posts":[{"id":3879,"url":"https:\/\/craaltorricon.catedu.es\/?page_id=3879","url_meta":{"origin":3717,"position":0},"title":"Pagos TPV","author":"CRA Altorric\u00f3n","date":"30 enero, 2026","format":false,"excerpt":"Gu\u00eda de c\u00f3mo realizar los pagos : Explicaci\u00f3n pagos TPVDescarga Seleccionar el pago que se quiere realizar en la siguiente lista : Pago reserva excursi\u00f3n al camping Stel en Roda de Bar\u00e1 3\u00ba y 4\u00ba primaria. Pago reserva excursi\u00f3n al camping Stel en Roda de Bar\u00e1 5\u00ba y 6\u00ba primaria.\u2026","rel":"","context":"Entrada similar","block_context":{"text":"Entrada similar","link":""},"img":{"alt_text":"","src":"","width":0,"height":0},"classes":[]}],"jetpack_likes_enabled":true,"_links":{"self":[{"href":"https:\/\/craaltorricon.catedu.es\/index.php?rest_route=\/wp\/v2\/pages\/3717","targetHints":{"allow":["GET"]}}],"collection":[{"href":"https:\/\/craaltorricon.catedu.es\/index.php?rest_route=\/wp\/v2\/pages"}],"about":[{"href":"https:\/\/craaltorricon.catedu.es\/index.php?rest_route=\/wp\/v2\/types\/page"}],"author":[{"embeddable":true,"href":"https:\/\/craaltorricon.catedu.es\/index.php?rest_route=\/wp\/v2\/users\/790"}],"replies":[{"embeddable":true,"href":"https:\/\/craaltorricon.catedu.es\/index.php?rest_route=%2Fwp%2Fv2%2Fcomments&post=3717"}],"version-history":[{"count":9,"href":"https:\/\/craaltorricon.catedu.es\/index.php?rest_route=\/wp\/v2\/pages\/3717\/revisions"}],"predecessor-version":[{"id":3831,"href":"https:\/\/craaltorricon.catedu.es\/index.php?rest_route=\/wp\/v2\/pages\/3717\/revisions\/3831"}],"wp:attachment":[{"href":"https:\/\/craaltorricon.catedu.es\/index.php?rest_route=%2Fwp%2Fv2%2Fmedia&parent=3717"}],"curies":[{"name":"wp","href":"https:\/\/api.w.org\/{rel}","templated":true}]}}